{"id":28,"date":"2024-11-28T05:15:53","date_gmt":"2024-11-28T05:15:53","guid":{"rendered":"https:\/\/ariliri.it\/?page_id=28"},"modified":"2024-11-28T05:25:32","modified_gmt":"2024-11-28T05:25:32","slug":"consiglio-direttivo","status":"publish","type":"page","link":"https:\/\/ariliri.it\/index.php\/consiglio-direttivo\/","title":{"rendered":"News"},"content":{"rendered":"<p><strong>28 Novembre 2024<\/strong><\/p>\n<p>Cari utenti,<\/p>\n<p>siamo felici di annunciare che il nostro sito \u00e8 di nuovo online dopo un periodo di inattivit\u00e0 causato da un attacco hacker. \u00c8 stato un momento complesso, ma alla fine ci siamo riusciti.<\/p>\n<p>Abbiamo lavorato per garantire un ambiente sicuro e ora siamo pronti a ripartire. Tuttavia, il processo di ripristino completo richieder\u00e0 ancora un po\u2019 di tempo: stiamo gradualmente reintegrando tutti i contenuti e le funzionalit\u00e0 per offrirvi l\u2019esperienza di sempre, migliorata e pi\u00f9 sicura.<\/p>\n<p>Vi ringraziamo per la pazienza e la comprensione dimostrata in questo periodo. Continuate a seguirci per ulteriori aggiornamenti.<\/p>\n<p><strong>Il Team della Sezione ARI Valle del Liri<\/strong><\/p>\n","protected":false},"excerpt":{"rendered":"<p>28 Novembre 2024 Cari utenti, siamo felici di annunciare che il nostro sito \u00e8 di nuovo online dopo un periodo di inattivit\u00e0 causato da un attacco hacker. \u00c8 stato un momento complesso, ma alla fine ci siamo riusciti. Abbiamo lavorato per garantire un ambiente sicuro e ora siamo pronti a ripartire. Tuttavia, il processo di [&hellip;]<\/p>\n","protected":false},"author":1,"featured_media":0,"parent":0,"menu_order":0,"comment_status":"closed","ping_status":"closed","template":"","meta":{"footnotes":""},"class_list":["post-28","page","type-page","status-publish","hentry"],"_links":{"self":[{"href":"https:\/\/ariliri.it\/index.php\/wp-json\/wp\/v2\/pages\/28","targetHints":{"allow":["GET"]}}],"collection":[{"href":"https:\/\/ariliri.it\/index.php\/wp-json\/wp\/v2\/pages"}],"about":[{"href":"https:\/\/ariliri.it\/index.php\/wp-json\/wp\/v2\/types\/page"}],"author":[{"embeddable":true,"href":"https:\/\/ariliri.it\/index.php\/wp-json\/wp\/v2\/users\/1"}],"replies":[{"embeddable":true,"href":"https:\/\/ariliri.it\/index.php\/wp-json\/wp\/v2\/comments?post=28"}],"version-history":[{"count":5,"href":"https:\/\/ariliri.it\/index.php\/wp-json\/wp\/v2\/pages\/28\/revisions"}],"predecessor-version":[{"id":39,"href":"https:\/\/ariliri.it\/index.php\/wp-json\/wp\/v2\/pages\/28\/revisions\/39"}],"wp:attachment":[{"href":"https:\/\/ariliri.it\/index.php\/wp-json\/wp\/v2\/media?parent=28"}],"curies":[{"name":"wp","href":"https:\/\/api.w.org\/{rel}","templated":true}]}}